{"id":394,"date":"2022-09-05T14:25:36","date_gmt":"2022-09-05T12:25:36","guid":{"rendered":"https:\/\/instytutnordycki.com\/privacy-policy\/"},"modified":"2022-09-27T15:45:17","modified_gmt":"2022-09-27T13:45:17","slug":"privacy-policy","status":"publish","type":"page","link":"https:\/\/instytutnordycki.com\/en\/privacy-policy\/","title":{"rendered":"Privacy policy"},"content":{"rendered":"\n<h2 class=\"wp-block-heading\">Kim jeste\u015bmy<\/h2>\n\n<p><strong class=\"privacy-policy-tutorial\">Sugerowany tekst: <\/strong>Adres naszej strony internetowej to: https:\/\/instytutnordycki.com.<\/p>\n\n<h2 class=\"wp-block-heading\">Komentarze<\/h2>\n\n<p><strong class=\"privacy-policy-tutorial\">Sugerowany tekst: <\/strong>Kiedy odwiedzaj\u0105cy witryn\u0119 zostawia komentarz, zbieramy dane widoczne w formularzu komentowania, jak i adres IP odwiedzaj\u0105cego oraz podpis jego przegl\u0105darki jako pomoc przy wykrywaniu spamu.<\/p>\n\n<p>Anonimizowany ci\u0105g znak\u00f3w utworzony z twojego adresu e-mail (zwany te\u017c hashem) mo\u017ce zosta\u0107 przes\u0142any do us\u0142ugi Gravatar w celu sprawdzenia czy jest u\u017cywany. Polityka prywatno\u015bci us\u0142ugi Gravatar jest dost\u0119pna pod adresem: https:\/\/automattic.com\/privacy\/. Po zatwierdzeniu komentarza tw\u00f3j obrazek profilowy jest widoczny publicznie w kontek\u015bcie twojego komentarza.<\/p>\n\n<h2 class=\"wp-block-heading\">Media<\/h2>\n\n<p><strong class=\"privacy-policy-tutorial\">Sugerowany tekst: <\/strong>Je\u015bli jeste\u015b zarejestrowanym u\u017cytkownikiem i wgrywasz na witryn\u0119 obrazki, powiniene\u015b unika\u0107 przesy\u0142ania obrazk\u00f3w z tagami EXIF lokalizacji. Odwiedzaj\u0105cy stron\u0119 mog\u0105 pobra\u0107 i odczyta\u0107 pe\u0142ne dane lokalizacyjne z obrazk\u00f3w w witrynie.<\/p>\n\n<h2 class=\"wp-block-heading\">Ciasteczka<\/h2>\n\n<p><strong class=\"privacy-policy-tutorial\">Sugerowany tekst: <\/strong>Je\u015bli skomentujesz co\u015b w witrynie, b\u0119dzie mo\u017cna wybra\u0107 opcj\u0119 zapisu nazwy, adresu e-mail i witryny internetowej w ciasteczkach, dzi\u0119ki kt\u00f3rym podczas pisania kolejnych komentarzy powy\u017csze informacje b\u0119d\u0105 ju\u017c dogodnie uzupe\u0142nione. Ciasteczka wygasaj\u0105 po roku.<\/p>\n\n<p>Je\u015bli odwiedzisz stron\u0119 logowania, utworzymy tymczasowe ciasteczko na potrzeby sprawdzenia czy twoja przegl\u0105darka akceptuje ciasteczka. Nie zawiera ono \u017cadnych danych osobistych i zostanie usuni\u0119te, kiedy przegl\u0105darka zostanie zamkni\u0119ta.<\/p>\n\n<p>Podczas logowania tworzymy dodatkowo kilka ciasteczek potrzebnych do zapisu twoich informacji logowania oraz wybranych opcji ekranu. Ciasteczka logowania wygasaj\u0105 po dw\u00f3ch dniach, a opcji ekranu po roku. Je\u015bli zaznaczysz opcj\u0119 \u201ePami\u0119taj mnie\u201d, logowanie wyga\u015bnie po dw\u00f3ch tygodniach. Je\u015bli wylogujesz si\u0119 ze swojego konta, ciasteczka logowania zostan\u0105 usuni\u0119te.<\/p>\n\n<p>Je\u015bli zmodyfikujesz albo opublikujesz artyku\u0142, w twojej przegl\u0105darce zostanie zapisane dodatkowe ciasteczko. To ciasteczko nie zawiera \u017cadnych danych osobistych, wskazuj\u0105c po prostu na identyfikator przed chwil\u0105 edytowanego artyku\u0142u. Wygasa ono po 1 dniu.<\/p>\n\n<h2 class=\"wp-block-heading\">Osadzone tre\u015bci z innych witryn<\/h2>\n\n<p><strong class=\"privacy-policy-tutorial\">Sugerowany tekst: <\/strong>Artyku\u0142y na tej witrynie mog\u0105 zawiera\u0107 osadzone tre\u015bci (np. filmy, obrazki, artyku\u0142y itp.). Osadzone tre\u015bci z innych witryn zachowuj\u0105 si\u0119 analogicznie do tego, jakby u\u017cytkownik odwiedzi\u0142 bezpo\u015brednio konkretn\u0105 witryn\u0119.<\/p>\n\n<p>Witryny mog\u0105 zbiera\u0107 informacje o tobie, u\u017cywa\u0107 ciasteczek, do\u0142\u0105cza\u0107 dodatkowe, zewn\u0119trzne systemy \u015bledzenia i monitorowa\u0107 twoje interakcje z osadzonym materia\u0142em, w\u0142\u0105czaj\u0105c w to \u015bledzenie twoich interakcji z osadzonym materia\u0142em je\u015bli posiadasz konto i jeste\u015b zalogowany w tamtej witrynie.<\/p>\n\n<h2 class=\"wp-block-heading\">Z kim dzielimy si\u0119 danymi<\/h2>\n\n<p><strong class=\"privacy-policy-tutorial\">Sugerowany tekst: <\/strong>Je\u015bli za\u017c\u0105dasz zresetowania has\u0142a, tw\u00f3j adres IP zostanie do\u0142\u0105czony do wysy\u0142anej wiadomo\u015bci.<\/p>\n\n<h2 class=\"wp-block-heading\">Jak d\u0142ugo przechowujemy twoje dane<\/h2>\n\n<p><strong class=\"privacy-policy-tutorial\">Sugerowany tekst: <\/strong>Je\u015bli zostawisz komentarz, jego tre\u015b\u0107 i metadane b\u0119d\u0105 przechowywane przez czas nieokre\u015blony. Dzi\u0119ki temu jeste\u015bmy w stanie rozpoznawa\u0107 i zatwierdza\u0107 kolejne komentarze automatycznie, bez wysy\u0142ania ich do ka\u017cdorazowej moderacji.<\/p>\n\n<p>Dla u\u017cytkownik\u00f3w kt\u00f3rzy zarejestrowali si\u0119 na naszej stronie internetowej (je\u015bli tacy s\u0105), przechowujemy r\u00f3wnie\u017c informacje osobiste wprowadzone w profilu. Ka\u017cdy u\u017cytkownik mo\u017ce dokona\u0107 wgl\u0105du, korekty albo skasowa\u0107 swoje informacje osobiste w dowolnej chwili (nie licz\u0105c nazwy u\u017cytkownika, kt\u00f3rej nie mo\u017cna zmieni\u0107). Administratorzy strony r\u00f3wnie\u017c mog\u0105 przegl\u0105da\u0107 i modyfikowa\u0107 te informacje.<\/p>\n\n<h2 class=\"wp-block-heading\">Jakie masz prawa do swoich danych<\/h2>\n\n<p><strong class=\"privacy-policy-tutorial\">Sugerowany tekst: <\/strong>Je\u015bli masz konto u\u017cytkownika albo doda\u0142e\u015b komentarze w tej witrynie, mo\u017cesz za\u017c\u0105da\u0107 dostarczenia pliku z wyeksportowanym kompletem twoich danych osobistych b\u0119d\u0105cych w naszym posiadaniu, w tym ca\u0142o\u015b\u0107 tych dostarczonych przez ciebie. Mo\u017cesz r\u00f3wnie\u017c za\u017c\u0105da\u0107 usuni\u0119cia przez nas ca\u0142o\u015bci twoich danych osobistych w naszym posiadaniu. Nie dotyczy to \u017cadnych danych kt\u00f3re jeste\u015bmy zobligowani zachowa\u0107 ze wzgl\u0119d\u00f3w administracyjnych, prawnych albo bezpiecze\u0144stwa.<\/p>\n\n<h2 class=\"wp-block-heading\">Gdzie wys\u0142amy twoje dane<\/h2>\n\n<p><strong class=\"privacy-policy-tutorial\">Sugerowany tekst: <\/strong>Komentarze go\u015bci mog\u0105 by\u0107 sprawdzane za pomoc\u0105 automatycznej us\u0142ugi wykrywania spamu.<\/p>\n","protected":false},"excerpt":{"rendered":"<p>Kim jeste\u015bmy Sugerowany tekst: Adres naszej strony internetowej to: https:\/\/instytutnordycki.com. Komentarze Sugerowany tekst: Kiedy odwiedzaj\u0105cy witryn\u0119 zostawia komentarz, zbieramy dane widoczne w formularzu komentowania, jak i adres IP odwiedzaj\u0105cego oraz podpis jego przegl\u0105darki jako pomoc przy wykrywaniu spamu. Anonimizowany ci\u0105g znak\u00f3w utworzony z twojego adresu e-mail (zwany te\u017c hashem) mo\u017ce zosta\u0107 przes\u0142any do us\u0142ugi Gravatar [&hellip;]<\/p>\n","protected":false},"author":1,"featured_media":0,"parent":0,"menu_order":0,"comment_status":"closed","ping_status":"closed","template":"","meta":{"_acf_changed":false,"footnotes":""},"class_list":["post-394","page","type-page","status-publish","hentry"],"acf":[],"yoast_head":"<!-- This site is optimized with the Yoast SEO plugin v26.2 - https:\/\/yoast.com\/wordpress\/plugins\/seo\/ -->\n<title>Privacy policy - Instytut Nordycki<\/title>\n<meta name=\"robots\" content=\"noindex, follow\" \/>\n<meta property=\"og:locale\" content=\"en_US\" \/>\n<meta property=\"og:type\" content=\"article\" \/>\n<meta property=\"og:title\" content=\"Privacy policy - Instytut Nordycki\" \/>\n<meta property=\"og:description\" content=\"Kim jeste\u015bmy Sugerowany tekst: Adres naszej strony internetowej to: https:\/\/instytutnordycki.com. Komentarze Sugerowany tekst: Kiedy odwiedzaj\u0105cy witryn\u0119 zostawia komentarz, zbieramy dane widoczne w formularzu komentowania, jak i adres IP odwiedzaj\u0105cego oraz podpis jego przegl\u0105darki jako pomoc przy wykrywaniu spamu. Anonimizowany ci\u0105g znak\u00f3w utworzony z twojego adresu e-mail (zwany te\u017c hashem) mo\u017ce zosta\u0107 przes\u0142any do us\u0142ugi Gravatar [&hellip;]\" \/>\n<meta property=\"og:url\" content=\"https:\/\/instytutnordycki.com\/en\/privacy-policy\/\" \/>\n<meta property=\"og:site_name\" content=\"Instytut Nordycki\" \/>\n<meta property=\"article:modified_time\" content=\"2022-09-27T13:45:17+00:00\" \/>\n<meta property=\"og:image\" content=\"https:\/\/instytutnordycki.com\/wp-content\/uploads\/2022\/09\/insytutnordycki_ogg.jpg\" \/>\n\t<meta property=\"og:image:width\" content=\"1200\" \/>\n\t<meta property=\"og:image:height\" content=\"630\" \/>\n\t<meta property=\"og:image:type\" content=\"image\/jpeg\" \/>\n<meta name=\"twitter:card\" content=\"summary_large_image\" \/>\n<meta name=\"twitter:label1\" content=\"Est. reading time\" \/>\n\t<meta name=\"twitter:data1\" content=\"3 minutes\" \/>\n<script type=\"application\/ld+json\" class=\"yoast-schema-graph\">{\"@context\":\"https:\/\/schema.org\",\"@graph\":[{\"@type\":\"WebPage\",\"@id\":\"https:\/\/instytutnordycki.com\/en\/privacy-policy\/\",\"url\":\"https:\/\/instytutnordycki.com\/en\/privacy-policy\/\",\"name\":\"Privacy policy - Instytut Nordycki\",\"isPartOf\":{\"@id\":\"https:\/\/instytutnordycki.com\/en\/#website\"},\"datePublished\":\"2022-09-05T12:25:36+00:00\",\"dateModified\":\"2022-09-27T13:45:17+00:00\",\"breadcrumb\":{\"@id\":\"https:\/\/instytutnordycki.com\/en\/privacy-policy\/#breadcrumb\"},\"inLanguage\":\"en-US\",\"potentialAction\":[{\"@type\":\"ReadAction\",\"target\":[\"https:\/\/instytutnordycki.com\/en\/privacy-policy\/\"]}]},{\"@type\":\"BreadcrumbList\",\"@id\":\"https:\/\/instytutnordycki.com\/en\/privacy-policy\/#breadcrumb\",\"itemListElement\":[{\"@type\":\"ListItem\",\"position\":1,\"name\":\"Strona g\u0142\u00f3wna\",\"item\":\"https:\/\/instytutnordycki.com\/en\/\"},{\"@type\":\"ListItem\",\"position\":2,\"name\":\"Privacy policy\"}]},{\"@type\":\"WebSite\",\"@id\":\"https:\/\/instytutnordycki.com\/en\/#website\",\"url\":\"https:\/\/instytutnordycki.com\/en\/\",\"name\":\"Instytut Nordycki\",\"description\":\"\",\"publisher\":{\"@id\":\"https:\/\/instytutnordycki.com\/en\/#organization\"},\"potentialAction\":[{\"@type\":\"SearchAction\",\"target\":{\"@type\":\"EntryPoint\",\"urlTemplate\":\"https:\/\/instytutnordycki.com\/en\/?s={search_term_string}\"},\"query-input\":{\"@type\":\"PropertyValueSpecification\",\"valueRequired\":true,\"valueName\":\"search_term_string\"}}],\"inLanguage\":\"en-US\"},{\"@type\":\"Organization\",\"@id\":\"https:\/\/instytutnordycki.com\/en\/#organization\",\"name\":\"Instytut Nordycki\",\"url\":\"https:\/\/instytutnordycki.com\/en\/\",\"logo\":{\"@type\":\"ImageObject\",\"inLanguage\":\"en-US\",\"@id\":\"https:\/\/instytutnordycki.com\/en\/#\/schema\/logo\/image\/\",\"url\":\"https:\/\/instytutnordycki.com\/wp-content\/uploads\/2022\/09\/Instytut_Nordycki_logo.png\",\"contentUrl\":\"https:\/\/instytutnordycki.com\/wp-content\/uploads\/2022\/09\/Instytut_Nordycki_logo.png\",\"width\":624,\"height\":88,\"caption\":\"Instytut Nordycki\"},\"image\":{\"@id\":\"https:\/\/instytutnordycki.com\/en\/#\/schema\/logo\/image\/\"}}]}<\/script>\n<!-- \/ Yoast SEO plugin. -->","yoast_head_json":{"title":"Privacy policy - Instytut Nordycki","robots":{"index":"noindex","follow":"follow"},"og_locale":"en_US","og_type":"article","og_title":"Privacy policy - Instytut Nordycki","og_description":"Kim jeste\u015bmy Sugerowany tekst: Adres naszej strony internetowej to: https:\/\/instytutnordycki.com. Komentarze Sugerowany tekst: Kiedy odwiedzaj\u0105cy witryn\u0119 zostawia komentarz, zbieramy dane widoczne w formularzu komentowania, jak i adres IP odwiedzaj\u0105cego oraz podpis jego przegl\u0105darki jako pomoc przy wykrywaniu spamu. Anonimizowany ci\u0105g znak\u00f3w utworzony z twojego adresu e-mail (zwany te\u017c hashem) mo\u017ce zosta\u0107 przes\u0142any do us\u0142ugi Gravatar [&hellip;]","og_url":"https:\/\/instytutnordycki.com\/en\/privacy-policy\/","og_site_name":"Instytut Nordycki","article_modified_time":"2022-09-27T13:45:17+00:00","og_image":[{"width":1200,"height":630,"url":"https:\/\/instytutnordycki.com\/wp-content\/uploads\/2022\/09\/insytutnordycki_ogg.jpg","type":"image\/jpeg"}],"twitter_card":"summary_large_image","twitter_misc":{"Est. reading time":"3 minutes"},"schema":{"@context":"https:\/\/schema.org","@graph":[{"@type":"WebPage","@id":"https:\/\/instytutnordycki.com\/en\/privacy-policy\/","url":"https:\/\/instytutnordycki.com\/en\/privacy-policy\/","name":"Privacy policy - Instytut Nordycki","isPartOf":{"@id":"https:\/\/instytutnordycki.com\/en\/#website"},"datePublished":"2022-09-05T12:25:36+00:00","dateModified":"2022-09-27T13:45:17+00:00","breadcrumb":{"@id":"https:\/\/instytutnordycki.com\/en\/privacy-policy\/#breadcrumb"},"inLanguage":"en-US","potentialAction":[{"@type":"ReadAction","target":["https:\/\/instytutnordycki.com\/en\/privacy-policy\/"]}]},{"@type":"BreadcrumbList","@id":"https:\/\/instytutnordycki.com\/en\/privacy-policy\/#breadcrumb","itemListElement":[{"@type":"ListItem","position":1,"name":"Strona g\u0142\u00f3wna","item":"https:\/\/instytutnordycki.com\/en\/"},{"@type":"ListItem","position":2,"name":"Privacy policy"}]},{"@type":"WebSite","@id":"https:\/\/instytutnordycki.com\/en\/#website","url":"https:\/\/instytutnordycki.com\/en\/","name":"Instytut Nordycki","description":"","publisher":{"@id":"https:\/\/instytutnordycki.com\/en\/#organization"},"potentialAction":[{"@type":"SearchAction","target":{"@type":"EntryPoint","urlTemplate":"https:\/\/instytutnordycki.com\/en\/?s={search_term_string}"},"query-input":{"@type":"PropertyValueSpecification","valueRequired":true,"valueName":"search_term_string"}}],"inLanguage":"en-US"},{"@type":"Organization","@id":"https:\/\/instytutnordycki.com\/en\/#organization","name":"Instytut Nordycki","url":"https:\/\/instytutnordycki.com\/en\/","logo":{"@type":"ImageObject","inLanguage":"en-US","@id":"https:\/\/instytutnordycki.com\/en\/#\/schema\/logo\/image\/","url":"https:\/\/instytutnordycki.com\/wp-content\/uploads\/2022\/09\/Instytut_Nordycki_logo.png","contentUrl":"https:\/\/instytutnordycki.com\/wp-content\/uploads\/2022\/09\/Instytut_Nordycki_logo.png","width":624,"height":88,"caption":"Instytut Nordycki"},"image":{"@id":"https:\/\/instytutnordycki.com\/en\/#\/schema\/logo\/image\/"}}]}},"_links":{"self":[{"href":"https:\/\/instytutnordycki.com\/en\/wp-json\/wp\/v2\/pages\/394","targetHints":{"allow":["GET"]}}],"collection":[{"href":"https:\/\/instytutnordycki.com\/en\/wp-json\/wp\/v2\/pages"}],"about":[{"href":"https:\/\/instytutnordycki.com\/en\/wp-json\/wp\/v2\/types\/page"}],"author":[{"embeddable":true,"href":"https:\/\/instytutnordycki.com\/en\/wp-json\/wp\/v2\/users\/1"}],"replies":[{"embeddable":true,"href":"https:\/\/instytutnordycki.com\/en\/wp-json\/wp\/v2\/comments?post=394"}],"version-history":[{"count":1,"href":"https:\/\/instytutnordycki.com\/en\/wp-json\/wp\/v2\/pages\/394\/revisions"}],"predecessor-version":[{"id":395,"href":"https:\/\/instytutnordycki.com\/en\/wp-json\/wp\/v2\/pages\/394\/revisions\/395"}],"wp:attachment":[{"href":"https:\/\/instytutnordycki.com\/en\/wp-json\/wp\/v2\/media?parent=394"}],"curies":[{"name":"wp","href":"https:\/\/api.w.org\/{rel}","templated":true}]}}